{"id":7162,"date":"2025-11-03T08:21:36","date_gmt":"2025-11-03T08:21:36","guid":{"rendered":"https:\/\/pettaplace.se\/domains\/smyk\/?page_id=7162"},"modified":"2026-02-08T12:32:39","modified_gmt":"2026-02-08T12:32:39","slug":"info","status":"publish","type":"page","link":"https:\/\/pettaplace.se\/domains\/smyk\/index.php\/info\/","title":{"rendered":"Info"},"content":{"rendered":"\t\t<div data-elementor-type=\"wp-page\" data-elementor-id=\"7162\" class=\"elementor elementor-7162\" data-elementor-post-type=\"page\">\n\t\t\t\t<div class=\"elementor-element elementor-element-e4bea8b e-flex e-con-boxed e-con e-parent\" data-id=\"e4bea8b\" data-element_type=\"container\" data-e-type=\"container\">\n\t\t\t\t\t<div class=\"e-con-inner\">\n\t\t\t\t<div class=\"elementor-element elementor-element-e1141ce elementor-widget elementor-widget-text-editor\" data-id=\"e1141ce\" data-element_type=\"widget\" data-e-type=\"widget\" data-widget_type=\"text-editor.default\">\n\t\t\t\t\t\t\t\t\t<h3 data-start=\"474\" data-end=\"518\">\u2728 V\u00e4lkommen till Smyckifys Smyckguide<\/h3><p data-start=\"474\" data-end=\"518\">Hos <strong data-start=\"854\" data-end=\"866\">Smyckify<\/strong> tror vi att smycken inte bara \u00e4r accessoarer \u2013 de b\u00e4r p\u00e5 k\u00e4nslor, minnen och personlighet.<br data-start=\"957\" data-end=\"960\" \/>F\u00f6r att dina favoritsmycken ska beh\u00e5lla sin glans l\u00e4nge, har vi samlat v\u00e5ra b\u00e4sta tips om <strong data-start=\"1050\" data-end=\"1086\">material, \u00e4delstenar och sk\u00f6tsel<\/strong> h\u00e4r.<\/p><hr data-start=\"1095\" data-end=\"1098\" \/><h3 data-start=\"1100\" data-end=\"1129\">\ud83d\udca0 \u00c4delmetaller &amp; Material<\/h3><h5 data-start=\"1131\" data-end=\"1163\">\ud83e\ude76 <strong data-start=\"1138\" data-end=\"1163\">Sterling Silver (925)<\/strong><\/h5><p data-start=\"1164\" data-end=\"1395\"><strong data-start=\"1164\" data-end=\"1182\">Om materialet:<\/strong><br data-start=\"1182\" data-end=\"1185\" \/>Sterling silver best\u00e5r av 92,5 % rent silver och 7,5 % koppar \u2013 en perfekt balans mellan sk\u00f6nhet och h\u00e5llbarhet.<br data-start=\"1297\" data-end=\"1300\" \/>Det \u00e4r en \u00e4delmetall som med tiden kan f\u00e5 en m\u00f6rkare ton (oxidation), vilket \u00e4r helt naturligt.<\/p><p data-start=\"1397\" data-end=\"1412\"><strong data-start=\"1397\" data-end=\"1410\">F\u00f6rdelar:<\/strong><\/p><ul data-start=\"1413\" data-end=\"1485\"><li data-start=\"1413\" data-end=\"1439\"><p data-start=\"1415\" data-end=\"1439\">Klassisk, tidl\u00f6s glans<\/p><\/li><li data-start=\"1440\" data-end=\"1462\"><p data-start=\"1442\" data-end=\"1462\">L\u00e4tt att putsa upp<\/p><\/li><li data-start=\"1463\" data-end=\"1485\"><p data-start=\"1465\" data-end=\"1485\">Passar k\u00e4nslig hud<\/p><\/li><\/ul><p data-start=\"1487\" data-end=\"1603\"><strong data-start=\"1487\" data-end=\"1499\">Sk\u00f6tsel:<\/strong><br data-start=\"1499\" data-end=\"1502\" \/>F\u00f6rvara torrt och m\u00f6rkt, anv\u00e4nd putsduk regelbundet.<br data-start=\"1554\" data-end=\"1557\" \/>Undvik parfym, h\u00e5rspray och reng\u00f6ringsmedel.<\/p><hr data-start=\"1605\" data-end=\"1608\" \/><h3 data-start=\"1610\" data-end=\"1642\">\ud83e\ude75 <strong data-start=\"1617\" data-end=\"1642\">Rostfritt St\u00e5l (316L)<\/strong><\/h3><p data-start=\"1643\" data-end=\"1816\"><strong data-start=\"1643\" data-end=\"1661\">Om materialet:<\/strong><br data-start=\"1661\" data-end=\"1664\" \/>Ett modernt och extremt t\u00e5ligt material som h\u00e5ller f\u00e4rg och glans i m\u00e5nga \u00e5r.<br data-start=\"1741\" data-end=\"1744\" \/>Rostfritt st\u00e5l \u00e4r allergiv\u00e4nligt och ett utm\u00e4rkt val f\u00f6r vardagssmycken.<\/p><p data-start=\"1818\" data-end=\"1833\"><strong data-start=\"1818\" data-end=\"1831\">F\u00f6rdelar:<\/strong><\/p><ul data-start=\"1834\" data-end=\"1928\"><li data-start=\"1834\" data-end=\"1855\"><p data-start=\"1836\" data-end=\"1855\">Mycket slitstarkt<\/p><\/li><li data-start=\"1856\" data-end=\"1889\"><p data-start=\"1858\" data-end=\"1889\">Nickelfritt och hypoallergent<\/p><\/li><li data-start=\"1890\" data-end=\"1928\"><p data-start=\"1892\" data-end=\"1928\">F\u00e4rgbest\u00e4ndigt och underh\u00e5llsfritt<\/p><\/li><\/ul><p data-start=\"1930\" data-end=\"2027\"><strong data-start=\"1930\" data-end=\"1942\">Sk\u00f6tsel:<\/strong><br data-start=\"1942\" data-end=\"1945\" \/>Torka av med mjuk trasa.<br data-start=\"1969\" data-end=\"1972\" \/>T\u00e5l vatten, men undvik kontakt med starka kemikalier.<\/p><hr data-start=\"2029\" data-end=\"2032\" \/><h3 data-start=\"2034\" data-end=\"2065\">\ud83d\udc9b <strong data-start=\"2041\" data-end=\"2065\">Guld &amp; Guldpl\u00e4tering<\/strong><\/h3><p data-start=\"2066\" data-end=\"2252\"><strong data-start=\"2066\" data-end=\"2084\">Om materialet:<\/strong><br data-start=\"2084\" data-end=\"2087\" \/>Massivt guld \u00e4r en \u00e4delmetall som aldrig rostar eller oxiderar.<br data-start=\"2150\" data-end=\"2153\" \/>Guldpl\u00e4terade smycken har ett tunt lager \u00e4kta guld \u00f6ver ett basmaterial (t.ex. st\u00e5l eller m\u00e4ssing).<\/p><p data-start=\"2254\" data-end=\"2269\"><strong data-start=\"2254\" data-end=\"2267\">F\u00f6rdelar:<\/strong><\/p><ul data-start=\"2270\" data-end=\"2359\"><li data-start=\"2270\" data-end=\"2287\"><p data-start=\"2272\" data-end=\"2287\">Elegant glans<\/p><\/li><li data-start=\"2288\" data-end=\"2327\"><p data-start=\"2290\" data-end=\"2327\">Flera f\u00e4rger: gult, ros\u00e9, vitt guld<\/p><\/li><li data-start=\"2328\" data-end=\"2359\"><p data-start=\"2330\" data-end=\"2359\">Passar b\u00e5de vardag och fest<\/p><\/li><\/ul><p data-start=\"2361\" data-end=\"2491\"><strong data-start=\"2361\" data-end=\"2373\">Sk\u00f6tsel:<\/strong><br data-start=\"2373\" data-end=\"2376\" \/>Ta av vid dusch, bad och tr\u00e4ning.<br data-start=\"2409\" data-end=\"2412\" \/>F\u00f6rvara separat i tygp\u00e5se.<br data-start=\"2438\" data-end=\"2441\" \/>Putsa f\u00f6rsiktigt med torr trasa \u2013 undvik vatten.<\/p><hr data-start=\"2493\" data-end=\"2496\" \/><h3 data-start=\"2498\" data-end=\"2514\">\ud83c\udf1f <strong data-start=\"2505\" data-end=\"2514\">Titan<\/strong><\/h3><p data-start=\"2515\" data-end=\"2676\"><strong data-start=\"2515\" data-end=\"2533\">Om materialet:<\/strong><br data-start=\"2533\" data-end=\"2536\" \/>Titan \u00e4r ett l\u00e4tt, slitstarkt och allergiv\u00e4nligt material som ofta anv\u00e4nds i medicinska implantat \u2013 vilket g\u00f6r det perfekt \u00e4ven f\u00f6r smycken.<\/p><p data-start=\"2678\" data-end=\"2693\"><strong data-start=\"2678\" data-end=\"2691\">F\u00f6rdelar:<\/strong><\/p><ul data-start=\"2694\" data-end=\"2764\"><li data-start=\"2694\" data-end=\"2718\"><p data-start=\"2696\" data-end=\"2718\">Superl\u00e4tt men starkt<\/p><\/li><li data-start=\"2719\" data-end=\"2736\"><p data-start=\"2721\" data-end=\"2736\">Hypoallergent<\/p><\/li><li data-start=\"2737\" data-end=\"2764\"><p data-start=\"2739\" data-end=\"2764\">Beh\u00e5ller f\u00e4rg och glans<\/p><\/li><\/ul><p data-start=\"2766\" data-end=\"2854\"><strong data-start=\"2766\" data-end=\"2778\">Sk\u00f6tsel:<\/strong><br data-start=\"2778\" data-end=\"2781\" \/>Beh\u00f6ver n\u00e4stan inget underh\u00e5ll. Torka bara med en mjuk trasa vid behov.<\/p><hr data-start=\"2856\" data-end=\"2859\" \/><h3 data-start=\"2861\" data-end=\"2879\">\ud83e\udde1 <strong data-start=\"2868\" data-end=\"2879\">M\u00e4ssing<\/strong><\/h3><p data-start=\"2880\" data-end=\"3043\"><strong data-start=\"2880\" data-end=\"2898\">Om materialet:<\/strong><br data-start=\"2898\" data-end=\"2901\" \/>En varm guldf\u00e4rgad legering av koppar och zink, ofta anv\u00e4nd i handgjorda smycken.<br data-start=\"2982\" data-end=\"2985\" \/>M\u00e4ssing kan m\u00f6rkna med tiden men g\u00e5r enkelt att putsa upp.<\/p><p data-start=\"3045\" data-end=\"3060\"><strong data-start=\"3045\" data-end=\"3058\">F\u00f6rdelar:<\/strong><\/p><ul data-start=\"3061\" data-end=\"3139\"><li data-start=\"3061\" data-end=\"3084\"><p data-start=\"3063\" data-end=\"3084\">Vackert, mjukt sken<\/p><\/li><li data-start=\"3085\" data-end=\"3118\"><p data-start=\"3087\" data-end=\"3118\">Prisv\u00e4rt alternativ till guld<\/p><\/li><li data-start=\"3119\" data-end=\"3139\"><p data-start=\"3121\" data-end=\"3139\">Enkelt att putsa<\/p><\/li><\/ul><p data-start=\"3141\" data-end=\"3255\"><strong data-start=\"3141\" data-end=\"3153\">Sk\u00f6tsel:<\/strong><br data-start=\"3153\" data-end=\"3156\" \/>Anv\u00e4nd putsduk eller lite citron p\u00e5 trasa.<br data-start=\"3198\" data-end=\"3201\" \/>Undvik l\u00e5ngvarig fukt \u2013 den kan orsaka missf\u00e4rgning.<\/p><hr data-start=\"3257\" data-end=\"3260\" \/><h3 data-start=\"3262\" data-end=\"3279\">\ud83e\ude77 <strong data-start=\"3269\" data-end=\"3279\">Koppar<\/strong><\/h3><p data-start=\"3280\" data-end=\"3430\"><strong data-start=\"3280\" data-end=\"3298\">Om materialet:<\/strong><br data-start=\"3298\" data-end=\"3301\" \/>Koppar ger en r\u00f6daktig ton och anv\u00e4nds ibland i unika designer.<br data-start=\"3364\" data-end=\"3367\" \/>Oxiderar naturligt \u00f6ver tid, vilket ger en vacker antik k\u00e4nsla.<\/p><p data-start=\"3432\" data-end=\"3496\"><strong data-start=\"3432\" data-end=\"3444\">Sk\u00f6tsel:<\/strong><br data-start=\"3444\" data-end=\"3447\" \/>Putsa med trasa och mild puts.<br data-start=\"3477\" data-end=\"3480\" \/>F\u00f6rvara torrt.<\/p><hr data-start=\"3498\" data-end=\"3501\" \/><h2 data-start=\"3503\" data-end=\"3541\">\ud83d\udc8e \u00c4delstenar &amp; Dekorativa Material<\/h2><h3 data-start=\"3543\" data-end=\"3574\">\ud83d\udd39 <strong data-start=\"3550\" data-end=\"3574\">Kubisk Zirkonia (CZ)<\/strong><\/h3><p data-start=\"3575\" data-end=\"3678\">Ett syntetiskt stenmaterial som liknar diamant i glans och klarhet.<br data-start=\"3642\" data-end=\"3645\" \/>Mycket vanligt i moderna smycken.<\/p><p data-start=\"3680\" data-end=\"3754\"><strong data-start=\"3680\" data-end=\"3692\">Sk\u00f6tsel:<\/strong><br data-start=\"3692\" data-end=\"3695\" \/>Torka f\u00f6rsiktigt med mjuk, torr trasa. Undvik kemikalier.<\/p><hr data-start=\"3756\" data-end=\"3759\" \/><h3 data-start=\"3761\" data-end=\"3794\">\ud83d\udc8e <strong data-start=\"3768\" data-end=\"3794\">Swarovski &amp; Glasstenar<\/strong><\/h3><p data-start=\"3795\" data-end=\"3891\">Glasbaserade kristaller som slipats med precision f\u00f6r maximal lyster.<br data-start=\"3864\" data-end=\"3867\" \/>Kr\u00e4ver varsam hantering.<\/p><p data-start=\"3893\" data-end=\"3967\"><strong data-start=\"3893\" data-end=\"3905\">Sk\u00f6tsel:<\/strong><br data-start=\"3905\" data-end=\"3908\" \/>Reng\u00f6r med l\u00e4tt fuktad trasa, undvik tryck eller repning.<\/p><hr data-start=\"3969\" data-end=\"3972\" \/><h3 data-start=\"3974\" data-end=\"4007\">\ud83e\udd0d <strong data-start=\"3981\" data-end=\"4007\">P\u00e4rlor (\u00e4kta &amp; odlade)<\/strong><\/h3><p data-start=\"4008\" data-end=\"4104\">Naturliga eller odlade p\u00e4rlor best\u00e5r av organiskt material och \u00e4r k\u00e4nsliga mot syror och parfym.<\/p><p data-start=\"4106\" data-end=\"4213\"><strong data-start=\"4106\" data-end=\"4118\">Sk\u00f6tsel:<\/strong><br data-start=\"4118\" data-end=\"4121\" \/>Torka efter anv\u00e4ndning, f\u00f6rvara separat.<br data-start=\"4161\" data-end=\"4164\" \/>B\u00e4r dem ofta \u2013 fukt fr\u00e5n huden bevarar lystern!<\/p><hr data-start=\"4215\" data-end=\"4218\" \/><h3 data-start=\"4220\" data-end=\"4276\">\ud83d\udc9c <strong data-start=\"4227\" data-end=\"4276\">\u00c4delstenar (ex. ametist, granat, topas, onyx)<\/strong><\/h3><p data-start=\"4277\" data-end=\"4409\">Varje sten har sin egen karakt\u00e4r, f\u00e4rg och h\u00e5rdhet.<br data-start=\"4328\" data-end=\"4331\" \/>De \u00e4r t\u00e5liga, men b\u00f6r inte uts\u00e4ttas f\u00f6r kemikalier eller extrema temperaturer.<\/p><p data-start=\"4411\" data-end=\"4482\"><strong data-start=\"4411\" data-end=\"4423\">Sk\u00f6tsel:<\/strong><br data-start=\"4423\" data-end=\"4426\" \/>Reng\u00f6r med ljummet vatten och mild tv\u00e5l, torka direkt.<\/p><hr data-start=\"4484\" data-end=\"4487\" \/><h2 data-start=\"4489\" data-end=\"4536\">\ud83e\uddfc <strong data-start=\"4495\" data-end=\"4536\">Generella Sk\u00f6tselr\u00e5d f\u00f6r Alla Smycken<\/strong><\/h2><ul data-start=\"4538\" data-end=\"4804\"><li data-start=\"4538\" data-end=\"4588\"><p data-start=\"4540\" data-end=\"4588\">Ta av smycken vid dusch, bad, tr\u00e4ning och s\u00f6mn<\/p><\/li><li data-start=\"4589\" data-end=\"4656\"><p data-start=\"4591\" data-end=\"4656\">Undvik kontakt med parfym, lotion, h\u00e5rspray och reng\u00f6ringsmedel<\/p><\/li><li data-start=\"4657\" data-end=\"4704\"><p data-start=\"4659\" data-end=\"4704\">F\u00f6rvara smycken separat i ask eller tygp\u00e5se<\/p><\/li><li data-start=\"4705\" data-end=\"4744\"><p data-start=\"4707\" data-end=\"4744\">Reng\u00f6r regelbundet med mjuk putsduk<\/p><\/li><li data-start=\"4745\" data-end=\"4804\"><p data-start=\"4747\" data-end=\"4804\">L\u00e4mna in smycken till professionell reng\u00f6ring vid behov<\/p><\/li><\/ul><hr data-start=\"4806\" data-end=\"4809\" \/><h2 data-start=\"4811\" data-end=\"4839\">\ud83c\udf3f <strong data-start=\"4817\" data-end=\"4839\">H\u00e5llbarhet &amp; Milj\u00f6<\/strong><\/h2><p data-start=\"4841\" data-end=\"5042\">Hos <strong data-start=\"4845\" data-end=\"4857\">Smyckify<\/strong> v\u00e4ljer vi material med omsorg \u2013 med fokus p\u00e5 h\u00e5llbarhet, kvalitet och omtanke.<br data-start=\"4936\" data-end=\"4939\" \/>Vi samarbetar endast med leverant\u00f6rer som f\u00f6ljer EU:s krav p\u00e5 nickelfria och allergiv\u00e4nliga material.<\/p><p data-start=\"5044\" data-end=\"5164\">Att ta hand om dina smycken \u00e4r ocks\u00e5 ett s\u00e4tt att ta hand om milj\u00f6n \u2013 ju l\u00e4ngre de h\u00e5ller, desto mindre avfall skapas.<\/p><hr data-start=\"5166\" data-end=\"5169\" \/><h2 data-start=\"5171\" data-end=\"5197\">\ud83d\udcac <strong data-start=\"5177\" data-end=\"5197\">Fr\u00e5gor &amp; Kontakt<\/strong><\/h2><p data-start=\"5199\" data-end=\"5357\">Har du fr\u00e5gor om material, reng\u00f6ring eller vill veta vilket smycke som passar dig b\u00e4st?<br data-start=\"5286\" data-end=\"5289\" \/>\ud83d\udc8c Mejla oss g\u00e4rna p\u00e5 <strong data-start=\"5311\" data-end=\"5331\"><a class=\"decorated-link cursor-pointer\" rel=\"noopener\" data-start=\"5313\" data-end=\"5329\">info@smyckify.se<\/a><\/strong> \u2013 vi hj\u00e4lper dig g\u00e4rna!<\/p><hr data-start=\"5359\" data-end=\"5362\" \/><h2 data-start=\"5364\" data-end=\"5396\">\ud83d\udd0e <strong data-start=\"5370\" data-end=\"5396\">SEO &amp; Struktur-f\u00f6rslag<\/strong><\/h2><div class=\"_tableContainer_1rjym_1\"><div class=\"group _tableWrapper_1rjym_13 flex w-fit flex-col-reverse\" tabindex=\"-1\"><table class=\"w-fit min-w-(--thread-content-width)\" data-start=\"5398\" data-end=\"5933\"><thead data-start=\"5398\" data-end=\"5426\"><tr data-start=\"5398\" data-end=\"5426\"><th data-start=\"5398\" data-end=\"5408\" data-col-size=\"sm\">Element<\/th><th data-start=\"5408\" data-end=\"5426\" data-col-size=\"lg\">Rekommendation<\/th><\/tr><\/thead><tbody data-start=\"5457\" data-end=\"5933\"><tr data-start=\"5457\" data-end=\"5515\"><td data-start=\"5457\" data-end=\"5468\" data-col-size=\"sm\"><strong data-start=\"5459\" data-end=\"5467\">URL:<\/strong><\/td><td data-col-size=\"lg\" data-start=\"5468\" data-end=\"5515\"><code data-start=\"5470\" data-end=\"5483\">\/smyckguide<\/code> eller <code data-start=\"5490\" data-end=\"5513\">\/material-och-skotsel<\/code><\/td><\/tr><tr data-start=\"5516\" data-end=\"5651\"><td data-start=\"5516\" data-end=\"5533\" data-col-size=\"sm\"><strong data-start=\"5518\" data-end=\"5532\">Nyckelord:<\/strong><\/td><td data-col-size=\"lg\" data-start=\"5533\" data-end=\"5651\">silver, rostfritt st\u00e5l, guldpl\u00e4tering, titan, smyckesmaterial, reng\u00f6ra smycken, sk\u00f6tselr\u00e5d, allergiv\u00e4nliga smycken<\/td><\/tr><tr data-start=\"5652\" data-end=\"5766\"><td data-start=\"5652\" data-end=\"5672\" data-col-size=\"sm\"><strong data-start=\"5654\" data-end=\"5671\">Internl\u00e4nkar:<\/strong><\/td><td data-col-size=\"lg\" data-start=\"5672\" data-end=\"5766\">Fr\u00e5n produktbeskrivningar (\u201cSe hur du sk\u00f6ter ditt smycke i v\u00e5r <a class=\"decorated-link cursor-pointer\" rel=\"noopener\" data-start=\"5737\" data-end=\"5762\">Smyckguide<\/a>\u201d)<\/td><\/tr><tr data-start=\"5767\" data-end=\"5933\"><td data-start=\"5767\" data-end=\"5804\" data-col-size=\"sm\"><strong data-start=\"5769\" data-end=\"5803\">Bloggid\u00e9er (f\u00f6r framtida SEO):<\/strong><\/td><td data-col-size=\"lg\" data-start=\"5804\" data-end=\"5933\">\u201cS\u00e5 reng\u00f6r du silver hemma\u201d, \u201cAllergiv\u00e4nliga smycken \u2013 allt du beh\u00f6ver veta\u201d, \u201cSkillnaden mellan guldpl\u00e4tering och \u00e4kta guld\u201d<\/td><\/tr><\/tbody><\/table><\/div><\/div>\t\t\t\t\t\t\t\t<\/div>\n\t\t\t\t\t<\/div>\n\t\t\t\t<\/div>\n\t\t\t\t<\/div>\n\t\t","protected":false},"excerpt":{"rendered":"<p>\u2728 V\u00e4lkommen till Smyckifys Smyckguide Hos Smyckify tror vi att smycken inte bara \u00e4r accessoarer \u2013 de b\u00e4r p\u00e5 k\u00e4nslor, minnen och personlighet.F\u00f6r att dina favoritsmycken ska beh\u00e5lla sin glans l\u00e4nge, har vi samlat v\u00e5ra b\u00e4sta tips om material, \u00e4delstenar och sk\u00f6tsel h\u00e4r. \ud83d\udca0 \u00c4delmetaller &amp; Material \ud83e\ude76 Sterling Silver (925) Om materialet:Sterling silver best\u00e5r [&hellip;]<\/p>\n","protected":false},"author":1,"featured_media":0,"parent":0,"menu_order":0,"comment_status":"closed","ping_status":"closed","template":"","meta":{"footnotes":""},"class_list":["post-7162","page","type-page","status-publish","hentry"],"_links":{"self":[{"href":"https:\/\/pettaplace.se\/domains\/smyk\/index.php\/wp-json\/wp\/v2\/pages\/7162","targetHints":{"allow":["GET"]}}],"collection":[{"href":"https:\/\/pettaplace.se\/domains\/smyk\/index.php\/wp-json\/wp\/v2\/pages"}],"about":[{"href":"https:\/\/pettaplace.se\/domains\/smyk\/index.php\/wp-json\/wp\/v2\/types\/page"}],"author":[{"embeddable":true,"href":"https:\/\/pettaplace.se\/domains\/smyk\/index.php\/wp-json\/wp\/v2\/users\/1"}],"replies":[{"embeddable":true,"href":"https:\/\/pettaplace.se\/domains\/smyk\/index.php\/wp-json\/wp\/v2\/comments?post=7162"}],"version-history":[{"count":19,"href":"https:\/\/pettaplace.se\/domains\/smyk\/index.php\/wp-json\/wp\/v2\/pages\/7162\/revisions"}],"predecessor-version":[{"id":7881,"href":"https:\/\/pettaplace.se\/domains\/smyk\/index.php\/wp-json\/wp\/v2\/pages\/7162\/revisions\/7881"}],"wp:attachment":[{"href":"https:\/\/pettaplace.se\/domains\/smyk\/index.php\/wp-json\/wp\/v2\/media?parent=7162"}],"curies":[{"name":"wp","href":"https:\/\/api.w.org\/{rel}","templated":true}]}}