{"id":11,"date":"2025-11-07T10:43:06","date_gmt":"2025-11-07T10:43:06","guid":{"rendered":"https:\/\/pettaplace.se\/domains\/smyk\/?page_id=11"},"modified":"2025-11-21T15:11:18","modified_gmt":"2025-11-21T15:11:18","slug":"returpolicy","status":"publish","type":"page","link":"https:\/\/pettaplace.se\/domains\/smyk\/index.php\/returpolicy\/","title":{"rendered":"Retur &#038; \u00c5terbetalning"},"content":{"rendered":"\t\t<div data-elementor-type=\"wp-page\" data-elementor-id=\"11\" class=\"elementor elementor-11\" data-elementor-post-type=\"page\">\n\t\t\t\t<div class=\"elementor-element elementor-element-68fc2475 e-flex e-con-boxed e-con e-parent\" data-id=\"68fc2475\" data-element_type=\"container\" data-e-type=\"container\">\n\t\t\t\t\t<div class=\"e-con-inner\">\n\t\t\t\t<div class=\"elementor-element elementor-element-68cd68d8 elementor-widget elementor-widget-text-editor\" data-id=\"68cd68d8\" data-element_type=\"widget\" data-e-type=\"widget\" data-widget_type=\"text-editor.default\">\n\t\t\t\t\t\t\t\t\t\n<h2 data-start=\"326\" data-end=\"387\">\ud83d\udc8e\u00a0<strong data-start=\"331\" data-end=\"385\">Retur- &amp; \u00c5terbetalning (Engelsk version nedan)<\/strong><\/h2>\n<p data-start=\"388\" data-end=\"498\"><strong data-start=\"388\" data-end=\"410\">Senast uppdaterad:<\/strong>\u00a0{{datum}}<br data-start=\"420\" data-end=\"423\" \/><strong data-start=\"423\" data-end=\"435\">F\u00f6retag:<\/strong>\u00a0Smyckify, Olofstr\u00f6m, Sverige<br data-start=\"464\" data-end=\"467\" \/><strong data-start=\"467\" data-end=\"479\">Kontakt:<\/strong>\u00a0<a class=\"decorated-link cursor-pointer\" rel=\"noopener\" data-start=\"480\" data-end=\"496\">info@smyckify.se<\/a><\/p>\n<h3 data-start=\"505\" data-end=\"522\">\ud83d\udd04 Inledning<\/h3>\n<p data-start=\"523\" data-end=\"791\">Hos\u00a0<strong data-start=\"527\" data-end=\"539\">Smyckify<\/strong>\u00a0vill vi att du ska k\u00e4nna dig helt n\u00f6jd med ditt k\u00f6p.<br data-start=\"592\" data-end=\"595\" \/>Om du inte \u00e4r n\u00f6jd har du alltid r\u00e4tt att returnera eller byta en vara enligt svensk lag och EU:s distansavtalsdirektiv.<br data-start=\"715\" data-end=\"718\" \/>Denna policy beskriver hur returer, byten och \u00e5terbetalningar hanteras.<\/p>\n<hr data-start=\"793\" data-end=\"796\" \/>\n<h3 data-start=\"798\" data-end=\"815\">\ud83d\udcdc Inneh\u00e5ll<\/h3>\n<ol>\n<li><a class=\"decorated-link cursor-pointer\" rel=\"noopener\" data-start=\"819\" data-end=\"845\">\u00c5ngerr\u00e4tt enligt lag<\/a><\/li>\n<li><a class=\"decorated-link cursor-pointer\" rel=\"noopener\" data-start=\"851\" data-end=\"874\">Villkor f\u00f6r retur<\/a><\/li>\n<li><a class=\"decorated-link cursor-pointer\" rel=\"noopener\" data-start=\"880\" data-end=\"908\">S\u00e5 h\u00e4r g\u00f6r du en retur<\/a><\/li>\n<li><a class=\"decorated-link cursor-pointer\" rel=\"noopener\" data-start=\"914\" data-end=\"933\">\u00c5terbetalning<\/a><\/li>\n<li><a class=\"decorated-link cursor-pointer\" rel=\"noopener\" data-start=\"939\" data-end=\"950\">Byten<\/a><\/li>\n<li><a class=\"decorated-link cursor-pointer\" rel=\"noopener\" data-start=\"956\" data-end=\"993\">Reklamationer och defekta varor<\/a><\/li>\n<li><a class=\"decorated-link cursor-pointer\" rel=\"noopener\" data-start=\"999\" data-end=\"1024\">Ej godk\u00e4nda returer<\/a><\/li>\n<li><a class=\"decorated-link cursor-pointer\" rel=\"noopener\" data-start=\"1030\" data-end=\"1052\">Kontaktuppgifter<\/a><\/li>\n<li><a class=\"decorated-link cursor-pointer\" rel=\"noopener\" data-start=\"1058\" data-end=\"1083\">\u00c4ndringar i policyn<\/a><\/li>\n<\/ol>\n<hr data-start=\"1087\" data-end=\"1090\" \/>\n<h2 data-start=\"1092\" data-end=\"1121\">1\ufe0f\u20e3 \u00c5ngerr\u00e4tt enligt lag<\/h2>\n<p data-start=\"1122\" data-end=\"1257\">Som konsument har du\u00a0<strong data-start=\"1143\" data-end=\"1166\">14 dagars \u00e5ngerr\u00e4tt<\/strong>\u00a0enligt distansavtalslagen.<br data-start=\"1193\" data-end=\"1196\" \/>\u00c5ngerfristen b\u00f6rjar g\u00e4lla fr\u00e5n den dag du tagit emot varan.<\/p>\n<p data-start=\"1259\" data-end=\"1343\">Du har r\u00e4tt att \u00e5ngra ditt k\u00f6p utan att ange orsak.<br data-start=\"1310\" data-end=\"1313\" \/>\u00c5ngerr\u00e4tten g\u00e4ller inte f\u00f6r:<\/p>\n<ul data-start=\"1344\" data-end=\"1488\">\n<li data-start=\"1344\" data-end=\"1401\">\n<p data-start=\"1346\" data-end=\"1401\">Specialbest\u00e4llda eller personligt anpassade produkter<\/p>\n<\/li>\n<li data-start=\"1402\" data-end=\"1488\">\n<p data-start=\"1404\" data-end=\"1488\">Varor som p\u00e5 grund av hygieniska sk\u00e4l inte kan \u00e5terl\u00e4mnas, om f\u00f6rseglingen brutits<\/p>\n<\/li>\n<\/ul>\n<hr data-start=\"1490\" data-end=\"1493\" \/>\n<h2 data-start=\"1495\" data-end=\"1521\">2\ufe0f\u20e3 Villkor f\u00f6r retur<\/h2>\n<p data-start=\"1522\" data-end=\"1561\">F\u00f6r att en retur ska godk\u00e4nnas m\u00e5ste:<\/p>\n<ul data-start=\"1562\" data-end=\"1726\">\n<li data-start=\"1562\" data-end=\"1613\">\n<p data-start=\"1564\" data-end=\"1613\">Produkten vara oanv\u00e4nd och i ursprungligt skick<\/p>\n<\/li>\n<li data-start=\"1614\" data-end=\"1663\">\n<p data-start=\"1616\" data-end=\"1663\">Originalf\u00f6rpackning och etiketter finnas kvar<\/p>\n<\/li>\n<li data-start=\"1664\" data-end=\"1726\">\n<p data-start=\"1666\" data-end=\"1726\">Returen skickas inom 14 dagar fr\u00e5n det att du meddelat oss<\/p>\n<\/li>\n<\/ul>\n<p data-start=\"1728\" data-end=\"1789\">Vi st\u00e5r f\u00f6r returfrakten vid godk\u00e4nda returer inom Sverige.<\/p>\n<hr data-start=\"1791\" data-end=\"1794\" \/>\n<h2 data-start=\"1796\" data-end=\"1827\">3\ufe0f\u20e3 S\u00e5 h\u00e4r g\u00f6r du en retur<\/h2>\n<ol data-start=\"1828\" data-end=\"1990\">\n<li data-start=\"1828\" data-end=\"1892\">\n<p data-start=\"1831\" data-end=\"1892\">Kontakta oss via\u00a0<strong data-start=\"1848\" data-end=\"1868\"><a class=\"decorated-link cursor-pointer\" rel=\"noopener\" data-start=\"1850\" data-end=\"1866\">info@smyckify.se<\/a><\/strong>\u00a0och ange ordernummer.<\/p>\n<\/li>\n<li data-start=\"1893\" data-end=\"1939\">\n<p data-start=\"1896\" data-end=\"1939\">Du f\u00e5r returinformation och fraktetikett.<\/p>\n<\/li>\n<li data-start=\"1940\" data-end=\"1990\">\n<p data-start=\"1943\" data-end=\"1990\">Packa varan v\u00e4l och skicka tillbaka till oss.<\/p>\n<\/li>\n<\/ol>\n<p data-start=\"1992\" data-end=\"2051\">N\u00e4r vi mottagit returen f\u00e5r du en bekr\u00e4ftelse via e-post.<\/p>\n<hr data-start=\"2053\" data-end=\"2056\" \/>\n<h2 data-start=\"2058\" data-end=\"2080\">4\ufe0f\u20e3 \u00c5terbetalning<\/h2>\n<p data-start=\"2081\" data-end=\"2308\">N\u00e4r vi mottagit och godk\u00e4nt din retur, \u00e5terbetalar vi hela beloppet till samma betalningsmetod som anv\u00e4ndes vid k\u00f6pet (Klarna, Stripe m.fl.).<br data-start=\"2222\" data-end=\"2225\" \/>\u00c5terbetalning sker normalt inom\u00a0<strong data-start=\"2257\" data-end=\"2277\">5\u201310 arbetsdagar<\/strong>\u00a0efter att vi mottagit varan.<\/p>\n<hr data-start=\"2310\" data-end=\"2313\" \/>\n<h2 data-start=\"2315\" data-end=\"2329\">5\ufe0f\u20e3 Byten<\/h2>\n<p data-start=\"2330\" data-end=\"2487\">Om du vill byta till en annan produkt, kontakta oss via\u00a0<strong data-start=\"2386\" data-end=\"2406\"><a class=\"decorated-link cursor-pointer\" rel=\"noopener\" data-start=\"2388\" data-end=\"2404\">info@smyckify.se<\/a><\/strong>.<br data-start=\"2407\" data-end=\"2410\" \/>Vid byte st\u00e5r Smyckify f\u00f6r retur- och fraktkostnaden f\u00f6r det nya utskicket.<\/p>\n<hr data-start=\"2489\" data-end=\"2492\" \/>\n<h2 data-start=\"2494\" data-end=\"2534\">6\ufe0f\u20e3 Reklamationer och defekta varor<\/h2>\n<p data-start=\"2535\" data-end=\"2718\">Om en vara \u00e4r defekt eller felaktig har du r\u00e4tt att reklamera enligt\u00a0<strong data-start=\"2604\" data-end=\"2625\">Konsumentk\u00f6plagen<\/strong>.<br data-start=\"2626\" data-end=\"2629\" \/>Reklamation ska g\u00f6ras inom sk\u00e4lig tid, dock senast 2 m\u00e5nader efter att felet uppt\u00e4ckts.<\/p>\n<p data-start=\"2720\" data-end=\"2803\">Vid godk\u00e4nd reklamation ers\u00e4tter vi varan med en ny eller \u00e5terbetalar k\u00f6pesumman.<\/p>\n<hr data-start=\"2805\" data-end=\"2808\" \/>\n<h2 data-start=\"2810\" data-end=\"2838\">7\ufe0f\u20e3 Ej godk\u00e4nda returer<\/h2>\n<p data-start=\"2839\" data-end=\"2891\">Vi f\u00f6rbeh\u00e5ller oss r\u00e4tten att neka retur om varan:<\/p>\n<ul data-start=\"2892\" data-end=\"3039\">\n<li data-start=\"2892\" data-end=\"2927\">\n<p data-start=\"2894\" data-end=\"2927\">Anv\u00e4nds eller skadats av kunden<\/p>\n<\/li>\n<li data-start=\"2928\" data-end=\"2985\">\n<p data-start=\"2930\" data-end=\"2985\">Saknar f\u00f6rpackning, etiketter eller originaltillbeh\u00f6r<\/p>\n<\/li>\n<li data-start=\"2986\" data-end=\"3039\">\n<p data-start=\"2988\" data-end=\"3039\">Returneras efter tidsfristen utan \u00f6verenskommelse<\/p>\n<\/li>\n<\/ul>\n<p data-start=\"3041\" data-end=\"3092\">Ej godk\u00e4nda returer skickas tillbaka till kunden.<\/p>\n<hr data-start=\"3094\" data-end=\"3097\" \/>\n<h2 data-start=\"3099\" data-end=\"3124\">8\ufe0f\u20e3 Kontaktuppgifter<\/h2>\n<p data-start=\"3125\" data-end=\"3187\"><strong data-start=\"3125\" data-end=\"3137\">Smyckify<\/strong><br data-start=\"3137\" data-end=\"3140\" \/>Olofstr\u00f6m, Sverige<br data-start=\"3158\" data-end=\"3161\" \/>E-post:\u00a0<a class=\"decorated-link cursor-pointer\" rel=\"noopener\" data-start=\"3169\" data-end=\"3185\">info@smyckify.se<\/a><\/p>\n<hr data-start=\"3189\" data-end=\"3192\" \/>\n<h2 data-start=\"3194\" data-end=\"3222\">9\ufe0f\u20e3 \u00c4ndringar i policyn<\/h2>\n<p data-start=\"3223\" data-end=\"3329\">Vi f\u00f6rbeh\u00e5ller oss r\u00e4tten att uppdatera denna policy.<br data-start=\"3276\" data-end=\"3279\" \/>Senaste uppdateringsdatum anges \u00f6verst p\u00e5 sidan.<\/p>\n<h1 data-start=\"3341\" data-end=\"3395\">\ud83c\udf0d\u00a0<strong data-start=\"3346\" data-end=\"3393\">Return &amp; Refund Policy \u2013 Smyckify (English)<\/strong><\/h1>\n<p data-start=\"3396\" data-end=\"3499\"><strong data-start=\"3396\" data-end=\"3413\">Last updated:<\/strong>\u00a0{{date}}<br data-start=\"3422\" data-end=\"3425\" \/><strong data-start=\"3425\" data-end=\"3437\">Company:<\/strong>\u00a0Smyckify, Olofstr\u00f6m, Sweden<br data-start=\"3465\" data-end=\"3468\" \/><strong data-start=\"3468\" data-end=\"3480\">Contact:<\/strong>\u00a0<a class=\"decorated-link cursor-pointer\" rel=\"noopener\" data-start=\"3481\" data-end=\"3497\">info@smyckify.se<\/a><\/p>\n<hr data-start=\"3501\" data-end=\"3504\" \/>\n<h2 data-start=\"3506\" data-end=\"3526\">\ud83d\udd04 Introduction<\/h2>\n<p data-start=\"3527\" data-end=\"3756\">At\u00a0<strong data-start=\"3530\" data-end=\"3542\">Smyckify<\/strong>, we want you to be completely satisfied with your purchase.<br data-start=\"3602\" data-end=\"3605\" \/>If you are not happy, you have the right to return or exchange your item in accordance with EU consumer law and Swedish distance selling regulations.<\/p>\n<p data-start=\"3758\" data-end=\"3817\">This policy explains how returns and refunds are handled.<\/p>\n<hr data-start=\"3819\" data-end=\"3822\" \/>\n<h3 data-start=\"3824\" data-end=\"3850\">\ud83d\udcdc Table of Contents<\/h3>\n<ol>\n<li><a class=\"decorated-link cursor-pointer\" rel=\"noopener\" data-start=\"3854\" data-end=\"3879\">Right of Withdrawal<\/a><\/li>\n<li><a class=\"decorated-link cursor-pointer\" rel=\"noopener\" data-start=\"3885\" data-end=\"3913\">Conditions for Returns<\/a><\/li>\n<li><a class=\"decorated-link cursor-pointer\" rel=\"noopener\" data-start=\"3919\" data-end=\"3946\">How to Return an Item<\/a><\/li>\n<li><a class=\"decorated-link cursor-pointer\" rel=\"noopener\" data-start=\"3952\" data-end=\"3965\">Refunds<\/a><\/li>\n<li><a class=\"decorated-link cursor-pointer\" rel=\"noopener\" data-start=\"3971\" data-end=\"3986\">Exchanges<\/a><\/li>\n<li><a class=\"decorated-link cursor-pointer\" rel=\"noopener\" data-start=\"3992\" data-end=\"4026\">Complaints &amp; Defective Items<\/a><\/li>\n<li><a class=\"decorated-link cursor-pointer\" rel=\"noopener\" data-start=\"4032\" data-end=\"4058\">Non-Approved Returns<\/a><\/li>\n<li><a class=\"decorated-link cursor-pointer\" rel=\"noopener\" data-start=\"4064\" data-end=\"4089\">Contact Information<\/a><\/li>\n<li><a class=\"decorated-link cursor-pointer\" rel=\"noopener\" data-start=\"4095\" data-end=\"4123\">Changes to this Policy<\/a><\/li>\n<\/ol>\n<hr data-start=\"4127\" data-end=\"4130\" \/>\n<h2 data-start=\"4132\" data-end=\"4160\">1\ufe0f\u20e3 Right of Withdrawal<\/h2>\n<p data-start=\"4161\" data-end=\"4299\">As a consumer, you have a\u00a0<strong data-start=\"4187\" data-end=\"4217\">14-day right of withdrawal<\/strong>\u00a0under EU law.<br data-start=\"4231\" data-end=\"4234\" \/>The withdrawal period starts on the day you receive your order.<\/p>\n<p data-start=\"4301\" data-end=\"4412\">You may cancel your order without providing any reason.<br data-start=\"4356\" data-end=\"4359\" \/>However, the right of withdrawal does not apply to:<\/p>\n<ul data-start=\"4413\" data-end=\"4551\">\n<li data-start=\"4413\" data-end=\"4449\">\n<p data-start=\"4415\" data-end=\"4449\">Customized or personalized items<\/p>\n<\/li>\n<li data-start=\"4450\" data-end=\"4551\">\n<p data-start=\"4452\" data-end=\"4551\">Earrings or other jewelry that cannot be returned for hygiene reasons if the seal has been broken<\/p>\n<\/li>\n<\/ul>\n<hr data-start=\"4553\" data-end=\"4556\" \/>\n<h2 data-start=\"4558\" data-end=\"4589\">2\ufe0f\u20e3 Conditions for Returns<\/h2>\n<p data-start=\"4590\" data-end=\"4620\">To be eligible for a return:<\/p>\n<ul data-start=\"4621\" data-end=\"4786\">\n<li data-start=\"4621\" data-end=\"4678\">\n<p data-start=\"4623\" data-end=\"4678\">The item must be unused and in its original condition<\/p>\n<\/li>\n<li data-start=\"4679\" data-end=\"4718\">\n<p data-start=\"4681\" data-end=\"4718\">Packaging and labels must be intact<\/p>\n<\/li>\n<li data-start=\"4719\" data-end=\"4786\">\n<p data-start=\"4721\" data-end=\"4786\">The return must be shipped within 14 days after you notified us<\/p>\n<\/li>\n<\/ul>\n<p data-start=\"4788\" data-end=\"4857\">Smyckify covers return shipping for approved returns within Sweden.<\/p>\n<hr data-start=\"4859\" data-end=\"4862\" \/>\n<h2 data-start=\"4864\" data-end=\"4894\">3\ufe0f\u20e3 How to Return an Item<\/h2>\n<ol data-start=\"4895\" data-end=\"5076\">\n<li data-start=\"4895\" data-end=\"4958\">\n<p data-start=\"4898\" data-end=\"4958\">Contact us at\u00a0<strong data-start=\"4912\" data-end=\"4932\"><a class=\"decorated-link cursor-pointer\" rel=\"noopener\" data-start=\"4914\" data-end=\"4930\">info@smyckify.se<\/a><\/strong>\u00a0with your order number.<\/p>\n<\/li>\n<li data-start=\"4959\" data-end=\"5030\">\n<p data-start=\"4962\" data-end=\"5030\">You will receive return instructions and a prepaid shipping label.<\/p>\n<\/li>\n<li data-start=\"5031\" data-end=\"5076\">\n<p data-start=\"5034\" data-end=\"5076\">Pack the item securely and send it back.<\/p>\n<\/li>\n<\/ol>\n<p data-start=\"5078\" data-end=\"5147\">You will receive a confirmation once we have processed your return.<\/p>\n<hr data-start=\"5149\" data-end=\"5152\" \/>\n<h2 data-start=\"5154\" data-end=\"5170\">4\ufe0f\u20e3 Refunds<\/h2>\n<p data-start=\"5171\" data-end=\"5405\">Once your return is received and approved, we will issue a refund to the same payment method used at purchase (Klarna, Stripe, etc.).<br data-start=\"5304\" data-end=\"5307\" \/>Refunds are typically processed within\u00a0<strong data-start=\"5346\" data-end=\"5368\">5\u201310 business days<\/strong>\u00a0after receiving the returned item.<\/p>\n<hr data-start=\"5407\" data-end=\"5410\" \/>\n<h2 data-start=\"5412\" data-end=\"5430\">5\ufe0f\u20e3 Exchanges<\/h2>\n<p data-start=\"5431\" data-end=\"5602\">If you wish to exchange an item for another product, please contact\u00a0<strong data-start=\"5499\" data-end=\"5519\"><a class=\"decorated-link cursor-pointer\" rel=\"noopener\" data-start=\"5501\" data-end=\"5517\">info@smyckify.se<\/a><\/strong>.<br data-start=\"5520\" data-end=\"5523\" \/>Smyckify covers return and replacement shipping costs for approved exchanges.<\/p>\n<hr data-start=\"5604\" data-end=\"5607\" \/>\n<h2 data-start=\"5609\" data-end=\"5646\">6\ufe0f\u20e3 Complaints &amp; Defective Items<\/h2>\n<p data-start=\"5647\" data-end=\"5867\">If an item is defective or damaged, you have the right to file a complaint according to\u00a0<strong data-start=\"5735\" data-end=\"5759\">Swedish consumer law<\/strong>.<br data-start=\"5760\" data-end=\"5763\" \/>Complaints must be made within a reasonable time, typically within 2 months of discovering the defect.<\/p>\n<p data-start=\"5869\" data-end=\"5928\">Approved complaints will be replaced or refunded in full.<\/p>\n<hr data-start=\"5930\" data-end=\"5933\" \/>\n<h2 data-start=\"5935\" data-end=\"5964\">7\ufe0f\u20e3 Non-Approved Returns<\/h2>\n<p data-start=\"5965\" data-end=\"6016\">We reserve the right to deny returns if the item:<\/p>\n<ul data-start=\"6017\" data-end=\"6180\">\n<li data-start=\"6017\" data-end=\"6061\">\n<p data-start=\"6019\" data-end=\"6061\">Has been used or damaged by the customer<\/p>\n<\/li>\n<li data-start=\"6062\" data-end=\"6117\">\n<p data-start=\"6064\" data-end=\"6117\">Is missing packaging, tags, or original accessories<\/p>\n<\/li>\n<li data-start=\"6118\" data-end=\"6180\">\n<p data-start=\"6120\" data-end=\"6180\">Is returned after the allowed time without prior agreement<\/p>\n<\/li>\n<\/ul>\n<p data-start=\"6182\" data-end=\"6239\">Non-approved returns will be sent back to the customer.<\/p>\n<hr data-start=\"6241\" data-end=\"6244\" \/>\n<h2 data-start=\"6246\" data-end=\"6274\">8\ufe0f\u20e3 Contact Information<\/h2>\n<p data-start=\"6275\" data-end=\"6335\"><strong data-start=\"6275\" data-end=\"6287\">Smyckify<\/strong><br data-start=\"6287\" data-end=\"6290\" \/>Olofstr\u00f6m, Sweden<br data-start=\"6307\" data-end=\"6310\" \/>Email:\u00a0<a class=\"decorated-link cursor-pointer\" rel=\"noopener\" data-start=\"6317\" data-end=\"6333\">info@smyckify.se<\/a><\/p>\n<hr data-start=\"6337\" data-end=\"6340\" \/>\n<h2 data-start=\"6342\" data-end=\"6373\">9\ufe0f\u20e3 Changes to this Policy<\/h2>\n<p data-start=\"6374\" data-end=\"6478\">We reserve the right to update this policy.<br data-start=\"6417\" data-end=\"6420\" \/>The latest update date is shown at the top of this page.<\/p>\n\t\t\t\t\t\t\t\t<\/div>\n\t\t\t\t\t<\/div>\n\t\t\t\t<\/div>\n\t\t\t\t<\/div>\n\t\t","protected":false},"excerpt":{"rendered":"<p>\ud83d\udc8e\u00a0Retur- &amp; \u00c5terbetalning (Engelsk version nedan) Senast uppdaterad:\u00a0{{datum}}F\u00f6retag:\u00a0Smyckify, Olofstr\u00f6m, SverigeKontakt:\u00a0info@smyckify.se \ud83d\udd04 Inledning Hos\u00a0Smyckify\u00a0vill vi att du ska k\u00e4nna dig helt n\u00f6jd med ditt k\u00f6p.Om du inte \u00e4r n\u00f6jd har du alltid r\u00e4tt att returnera eller byta en vara enligt svensk lag och EU:s distansavtalsdirektiv.Denna policy beskriver hur returer, byten och \u00e5terbetalningar hanteras. \ud83d\udcdc Inneh\u00e5ll \u00c5ngerr\u00e4tt [&hellip;]<\/p>\n","protected":false},"author":1,"featured_media":0,"parent":0,"menu_order":0,"comment_status":"closed","ping_status":"closed","template":"","meta":{"footnotes":""},"class_list":["post-11","page","type-page","status-publish","hentry"],"_links":{"self":[{"href":"https:\/\/pettaplace.se\/domains\/smyk\/index.php\/wp-json\/wp\/v2\/pages\/11","targetHints":{"allow":["GET"]}}],"collection":[{"href":"https:\/\/pettaplace.se\/domains\/smyk\/index.php\/wp-json\/wp\/v2\/pages"}],"about":[{"href":"https:\/\/pettaplace.se\/domains\/smyk\/index.php\/wp-json\/wp\/v2\/types\/page"}],"author":[{"embeddable":true,"href":"https:\/\/pettaplace.se\/domains\/smyk\/index.php\/wp-json\/wp\/v2\/users\/1"}],"replies":[{"embeddable":true,"href":"https:\/\/pettaplace.se\/domains\/smyk\/index.php\/wp-json\/wp\/v2\/comments?post=11"}],"version-history":[{"count":24,"href":"https:\/\/pettaplace.se\/domains\/smyk\/index.php\/wp-json\/wp\/v2\/pages\/11\/revisions"}],"predecessor-version":[{"id":7759,"href":"https:\/\/pettaplace.se\/domains\/smyk\/index.php\/wp-json\/wp\/v2\/pages\/11\/revisions\/7759"}],"wp:attachment":[{"href":"https:\/\/pettaplace.se\/domains\/smyk\/index.php\/wp-json\/wp\/v2\/media?parent=11"}],"curies":[{"name":"wp","href":"https:\/\/api.w.org\/{rel}","templated":true}]}}